{"id":8378,"date":"2026-04-13T10:12:49","date_gmt":"2026-04-13T13:12:49","guid":{"rendered":"https:\/\/trendline-technology.com\/?post_type=product&#038;p=8378"},"modified":"2026-04-13T10:12:49","modified_gmt":"2026-04-13T13:12:49","slug":"external-hard-disk-drives","status":"publish","type":"product","link":"https:\/\/trendline-technology.com\/pe\/producto\/external-hard-disk-drives\/","title":{"rendered":"External Hard Disk Drives"},"content":{"rendered":"<p>La vida nunca se detiene, as\u00ed que lleva tu contenido contigo en un elegante disco duro externo port\u00e1til que puedes transportar f\u00e1cilmente del trabajo o la escuela a la naturaleza, y a cualquier lugar intermedio.<\/p>\n","protected":false},"excerpt":{"rendered":"<p>La vida nunca se detiene, as\u00ed que lleva tu contenido contigo en un elegante disco duro externo port\u00e1til que puedes transportar f\u00e1cilmente del trabajo o la escuela a la naturaleza, y a cualquier lugar intermedio.<\/p>\n","protected":false},"featured_media":8379,"comment_status":"closed","ping_status":"closed","template":"","meta":[],"product_brand":[],"product_cat":[84,57],"product_tag":[],"class_list":{"0":"post-8378","1":"product","2":"type-product","3":"status-publish","4":"has-post-thumbnail","6":"product_cat-consumer-storage-hhds","7":"product_cat-toshiba","9":"first","10":"instock","11":"shipping-taxable","12":"product-type-simple"},"_links":{"self":[{"href":"https:\/\/trendline-technology.com\/pe\/wp-json\/wp\/v2\/product\/8378","targetHints":{"allow":["GET"]}}],"collection":[{"href":"https:\/\/trendline-technology.com\/pe\/wp-json\/wp\/v2\/product"}],"about":[{"href":"https:\/\/trendline-technology.com\/pe\/wp-json\/wp\/v2\/types\/product"}],"replies":[{"embeddable":true,"href":"https:\/\/trendline-technology.com\/pe\/wp-json\/wp\/v2\/comments?post=8378"}],"wp:featuredmedia":[{"embeddable":true,"href":"https:\/\/trendline-technology.com\/pe\/wp-json\/wp\/v2\/media\/8379"}],"wp:attachment":[{"href":"https:\/\/trendline-technology.com\/pe\/wp-json\/wp\/v2\/media?parent=8378"}],"wp:term":[{"taxonomy":"product_brand","embeddable":true,"href":"https:\/\/trendline-technology.com\/pe\/wp-json\/wp\/v2\/product_brand?post=8378"},{"taxonomy":"product_cat","embeddable":true,"href":"https:\/\/trendline-technology.com\/pe\/wp-json\/wp\/v2\/product_cat?post=8378"},{"taxonomy":"product_tag","embeddable":true,"href":"https:\/\/trendline-technology.com\/pe\/wp-json\/wp\/v2\/product_tag?post=8378"}],"curies":[{"name":"wp","href":"https:\/\/api.w.org\/{rel}","templated":true}]}}