{"id":8373,"date":"2026-04-13T10:06:22","date_gmt":"2026-04-13T13:06:22","guid":{"rendered":"https:\/\/trendline-technology.com\/?post_type=product&#038;p=8373"},"modified":"2026-04-13T10:06:22","modified_gmt":"2026-04-13T13:06:22","slug":"video","status":"publish","type":"product","link":"https:\/\/trendline-technology.com\/pe\/producto\/video\/","title":{"rendered":"Video"},"content":{"rendered":"<p>Los sistemas de grabaci\u00f3n de v\u00eddeo para el consumidor pueden almacenar de forma eficiente horas de entretenimiento en streaming y otros contenidos de v\u00eddeo. Los discos duros de v\u00eddeo de Toshiba ofrecen una capacidad de almacenamiento fiable, dise\u00f1ada para un bajo consumo energ\u00e9tico cuando se utilizan en aplicaciones de streaming de v\u00eddeo para el hogar o videovigilancia dom\u00e9stica.<\/p>\n","protected":false},"excerpt":{"rendered":"<p>Los sistemas de grabaci\u00f3n de v\u00eddeo para el consumidor pueden almacenar de forma eficiente horas de entretenimiento en streaming y otros contenidos de v\u00eddeo. Los discos duros de v\u00eddeo de Toshiba ofrecen una capacidad de almacenamiento fiable, dise\u00f1ada para un bajo consumo energ\u00e9tico cuando se utilizan en aplicaciones de streaming de v\u00eddeo para el hogar [&#8230;]\n","protected":false},"featured_media":8374,"comment_status":"closed","ping_status":"closed","template":"","meta":[],"product_brand":[],"product_cat":[82,57],"product_tag":[],"class_list":{"0":"post-8373","1":"product","2":"type-product","3":"status-publish","4":"has-post-thumbnail","6":"product_cat-internal-specialty","7":"product_cat-toshiba","9":"first","10":"instock","11":"shipping-taxable","12":"product-type-simple"},"_links":{"self":[{"href":"https:\/\/trendline-technology.com\/pe\/wp-json\/wp\/v2\/product\/8373","targetHints":{"allow":["GET"]}}],"collection":[{"href":"https:\/\/trendline-technology.com\/pe\/wp-json\/wp\/v2\/product"}],"about":[{"href":"https:\/\/trendline-technology.com\/pe\/wp-json\/wp\/v2\/types\/product"}],"replies":[{"embeddable":true,"href":"https:\/\/trendline-technology.com\/pe\/wp-json\/wp\/v2\/comments?post=8373"}],"wp:featuredmedia":[{"embeddable":true,"href":"https:\/\/trendline-technology.com\/pe\/wp-json\/wp\/v2\/media\/8374"}],"wp:attachment":[{"href":"https:\/\/trendline-technology.com\/pe\/wp-json\/wp\/v2\/media?parent=8373"}],"wp:term":[{"taxonomy":"product_brand","embeddable":true,"href":"https:\/\/trendline-technology.com\/pe\/wp-json\/wp\/v2\/product_brand?post=8373"},{"taxonomy":"product_cat","embeddable":true,"href":"https:\/\/trendline-technology.com\/pe\/wp-json\/wp\/v2\/product_cat?post=8373"},{"taxonomy":"product_tag","embeddable":true,"href":"https:\/\/trendline-technology.com\/pe\/wp-json\/wp\/v2\/product_tag?post=8373"}],"curies":[{"name":"wp","href":"https:\/\/api.w.org\/{rel}","templated":true}]}}