{"id":7823,"date":"2026-03-13T03:06:11","date_gmt":"2026-03-13T06:06:11","guid":{"rendered":"https:\/\/trendline-technology.com\/?post_type=product&#038;p=7823"},"modified":"2026-03-13T03:52:21","modified_gmt":"2026-03-13T06:52:21","slug":"monitores","status":"publish","type":"product","link":"https:\/\/trendline-technology.com\/pe\/producto\/monitores\/","title":{"rendered":"Monitores"},"content":{"rendered":"<p>Dise\u00f1ados para un uso profesional, con dise\u00f1os ergon\u00f3micos, certificaciones ecol\u00f3gicas y tecnolog\u00edas avanzadas de cuidado de la vista.<\/p>\n","protected":false},"excerpt":{"rendered":"<p>Dise\u00f1ados para un uso profesional, con dise\u00f1os ergon\u00f3micos, certificaciones ecol\u00f3gicas y tecnolog\u00edas avanzadas de cuidado de la vista.<\/p>\n","protected":false},"featured_media":7813,"comment_status":"closed","ping_status":"closed","template":"","meta":[],"product_brand":[],"product_cat":[71,74],"product_tag":[],"class_list":{"0":"post-7823","1":"product","2":"type-product","3":"status-publish","4":"has-post-thumbnail","6":"product_cat-acer","7":"product_cat-monitores","9":"first","10":"instock","11":"shipping-taxable","12":"product-type-simple"},"_links":{"self":[{"href":"https:\/\/trendline-technology.com\/pe\/wp-json\/wp\/v2\/product\/7823","targetHints":{"allow":["GET"]}}],"collection":[{"href":"https:\/\/trendline-technology.com\/pe\/wp-json\/wp\/v2\/product"}],"about":[{"href":"https:\/\/trendline-technology.com\/pe\/wp-json\/wp\/v2\/types\/product"}],"replies":[{"embeddable":true,"href":"https:\/\/trendline-technology.com\/pe\/wp-json\/wp\/v2\/comments?post=7823"}],"wp:featuredmedia":[{"embeddable":true,"href":"https:\/\/trendline-technology.com\/pe\/wp-json\/wp\/v2\/media\/7813"}],"wp:attachment":[{"href":"https:\/\/trendline-technology.com\/pe\/wp-json\/wp\/v2\/media?parent=7823"}],"wp:term":[{"taxonomy":"product_brand","embeddable":true,"href":"https:\/\/trendline-technology.com\/pe\/wp-json\/wp\/v2\/product_brand?post=7823"},{"taxonomy":"product_cat","embeddable":true,"href":"https:\/\/trendline-technology.com\/pe\/wp-json\/wp\/v2\/product_cat?post=7823"},{"taxonomy":"product_tag","embeddable":true,"href":"https:\/\/trendline-technology.com\/pe\/wp-json\/wp\/v2\/product_tag?post=7823"}],"curies":[{"name":"wp","href":"https:\/\/api.w.org\/{rel}","templated":true}]}}