{"id":7803,"date":"2026-03-13T02:58:56","date_gmt":"2026-03-13T05:58:56","guid":{"rendered":"https:\/\/trendline-technology.com\/?post_type=product&#038;p=7803"},"modified":"2026-04-13T20:16:38","modified_gmt":"2026-04-13T23:16:38","slug":"hard-disk-drives-storage-consumo","status":"publish","type":"product","link":"https:\/\/trendline-technology.com\/pe\/producto\/hard-disk-drives-storage-consumo\/","title":{"rendered":"Cloud-Scale Capacity"},"content":{"rendered":"<p>Los proveedores de servicios en la nube y los proyectos de big data utilizan discos duros de alta capacidad para mantenerse al d\u00eda con el r\u00e1pido crecimiento de los datos. Los discos duros Toshiba Cloud-Scale emplean un innovador dise\u00f1o de 9 discos sellados con l\u00e1ser de helio para proporcionar una capacidad de almacenamiento fiable, de bajo consumo y alta densidad, con importantes ventajas en el coste total de propiedad para la infraestructura a escala de la nube.<\/p>\n","protected":false},"excerpt":{"rendered":"<p>Los proveedores de servicios en la nube y los proyectos de big data utilizan discos duros de alta capacidad para mantenerse al d\u00eda con el r\u00e1pido crecimiento de los datos. Los discos duros Toshiba Cloud-Scale emplean un innovador dise\u00f1o de 9 discos sellados con l\u00e1ser de helio para proporcionar una capacidad de almacenamiento fiable, de [&#8230;]\n","protected":false},"featured_media":8332,"comment_status":"closed","ping_status":"closed","template":"","meta":[],"product_brand":[],"product_cat":[81,57],"product_tag":[],"class_list":{"0":"post-7803","1":"product","2":"type-product","3":"status-publish","4":"has-post-thumbnail","6":"product_cat-data-center-hdds","7":"product_cat-toshiba","9":"first","10":"instock","11":"shipping-taxable","12":"product-type-simple"},"_links":{"self":[{"href":"https:\/\/trendline-technology.com\/pe\/wp-json\/wp\/v2\/product\/7803","targetHints":{"allow":["GET"]}}],"collection":[{"href":"https:\/\/trendline-technology.com\/pe\/wp-json\/wp\/v2\/product"}],"about":[{"href":"https:\/\/trendline-technology.com\/pe\/wp-json\/wp\/v2\/types\/product"}],"replies":[{"embeddable":true,"href":"https:\/\/trendline-technology.com\/pe\/wp-json\/wp\/v2\/comments?post=7803"}],"wp:featuredmedia":[{"embeddable":true,"href":"https:\/\/trendline-technology.com\/pe\/wp-json\/wp\/v2\/media\/8332"}],"wp:attachment":[{"href":"https:\/\/trendline-technology.com\/pe\/wp-json\/wp\/v2\/media?parent=7803"}],"wp:term":[{"taxonomy":"product_brand","embeddable":true,"href":"https:\/\/trendline-technology.com\/pe\/wp-json\/wp\/v2\/product_brand?post=7803"},{"taxonomy":"product_cat","embeddable":true,"href":"https:\/\/trendline-technology.com\/pe\/wp-json\/wp\/v2\/product_cat?post=7803"},{"taxonomy":"product_tag","embeddable":true,"href":"https:\/\/trendline-technology.com\/pe\/wp-json\/wp\/v2\/product_tag?post=7803"}],"curies":[{"name":"wp","href":"https:\/\/api.w.org\/{rel}","templated":true}]}}