{"id":8324,"date":"2026-04-11T12:40:57","date_gmt":"2026-04-11T15:40:57","guid":{"rendered":"https:\/\/trendline-technology.com\/?post_type=product&#038;p=8324"},"modified":"2026-04-14T11:50:03","modified_gmt":"2026-04-14T14:50:03","slug":"asv-hypervisor-2","status":"publish","type":"product","link":"https:\/\/trendline-technology.com\/en\/producto\/asv-hypervisor-2\/","title":{"rendered":"aSV Hypervisor"},"content":{"rendered":"<p>Motor de virtualizaci\u00f3n central que ofrece una base segura, de alto rendimiento y confiable para la virtualizaci\u00f3n de c\u00f3mputo.<\/p>\n","protected":false},"excerpt":{"rendered":"<p>Motor de virtualizaci\u00f3n central que ofrece una base segura, de alto rendimiento y confiable para la virtualizaci\u00f3n de c\u00f3mputo.<\/p>\n","protected":false},"featured_media":7703,"comment_status":"closed","ping_status":"closed","template":"","meta":[],"product_brand":[],"product_cat":[76,53],"product_tag":[],"class_list":{"0":"post-8324","1":"product","2":"type-product","3":"status-publish","4":"has-post-thumbnail","6":"product_cat-cloud-infrastructure","7":"product_cat-sangfor","9":"first","10":"instock","11":"shipping-taxable","12":"product-type-simple"},"_links":{"self":[{"href":"https:\/\/trendline-technology.com\/en\/wp-json\/wp\/v2\/product\/8324","targetHints":{"allow":["GET"]}}],"collection":[{"href":"https:\/\/trendline-technology.com\/en\/wp-json\/wp\/v2\/product"}],"about":[{"href":"https:\/\/trendline-technology.com\/en\/wp-json\/wp\/v2\/types\/product"}],"replies":[{"embeddable":true,"href":"https:\/\/trendline-technology.com\/en\/wp-json\/wp\/v2\/comments?post=8324"}],"wp:featuredmedia":[{"embeddable":true,"href":"https:\/\/trendline-technology.com\/en\/wp-json\/wp\/v2\/media\/7703"}],"wp:attachment":[{"href":"https:\/\/trendline-technology.com\/en\/wp-json\/wp\/v2\/media?parent=8324"}],"wp:term":[{"taxonomy":"product_brand","embeddable":true,"href":"https:\/\/trendline-technology.com\/en\/wp-json\/wp\/v2\/product_brand?post=8324"},{"taxonomy":"product_cat","embeddable":true,"href":"https:\/\/trendline-technology.com\/en\/wp-json\/wp\/v2\/product_cat?post=8324"},{"taxonomy":"product_tag","embeddable":true,"href":"https:\/\/trendline-technology.com\/en\/wp-json\/wp\/v2\/product_tag?post=8324"}],"curies":[{"name":"wp","href":"https:\/\/api.w.org\/{rel}","templated":true}]}}