{"id":8309,"date":"2026-04-11T12:28:29","date_gmt":"2026-04-11T15:28:29","guid":{"rendered":"https:\/\/trendline-technology.com\/?post_type=product&#038;p=8309"},"modified":"2026-04-14T11:44:30","modified_gmt":"2026-04-14T14:44:30","slug":"athena-cloud-security-2","status":"publish","type":"product","link":"https:\/\/trendline-technology.com\/en\/producto\/athena-cloud-security-2\/","title":{"rendered":"Athena Cloud Security"},"content":{"rendered":"<p class=\"p1\">Ofrece conectividad segura a equipos h\u00edbridos y remotos, as\u00ed como para m\u00faltiples dispositivos y ubicaciones.<\/p>\n","protected":false},"excerpt":{"rendered":"<p>Ofrece conectividad segura a equipos h\u00edbridos y remotos, as\u00ed como para m\u00faltiples dispositivos y ubicaciones.<\/p>\n","protected":false},"featured_media":7673,"comment_status":"closed","ping_status":"closed","template":"","meta":[],"product_brand":[],"product_cat":[75,53],"product_tag":[],"class_list":{"0":"post-8309","1":"product","2":"type-product","3":"status-publish","4":"has-post-thumbnail","6":"product_cat-cybersecurity","7":"product_cat-sangfor","9":"first","10":"instock","11":"shipping-taxable","12":"product-type-simple"},"_links":{"self":[{"href":"https:\/\/trendline-technology.com\/en\/wp-json\/wp\/v2\/product\/8309","targetHints":{"allow":["GET"]}}],"collection":[{"href":"https:\/\/trendline-technology.com\/en\/wp-json\/wp\/v2\/product"}],"about":[{"href":"https:\/\/trendline-technology.com\/en\/wp-json\/wp\/v2\/types\/product"}],"replies":[{"embeddable":true,"href":"https:\/\/trendline-technology.com\/en\/wp-json\/wp\/v2\/comments?post=8309"}],"wp:featuredmedia":[{"embeddable":true,"href":"https:\/\/trendline-technology.com\/en\/wp-json\/wp\/v2\/media\/7673"}],"wp:attachment":[{"href":"https:\/\/trendline-technology.com\/en\/wp-json\/wp\/v2\/media?parent=8309"}],"wp:term":[{"taxonomy":"product_brand","embeddable":true,"href":"https:\/\/trendline-technology.com\/en\/wp-json\/wp\/v2\/product_brand?post=8309"},{"taxonomy":"product_cat","embeddable":true,"href":"https:\/\/trendline-technology.com\/en\/wp-json\/wp\/v2\/product_cat?post=8309"},{"taxonomy":"product_tag","embeddable":true,"href":"https:\/\/trendline-technology.com\/en\/wp-json\/wp\/v2\/product_tag?post=8309"}],"curies":[{"name":"wp","href":"https:\/\/api.w.org\/{rel}","templated":true}]}}