{"id":8308,"date":"2026-04-11T12:25:27","date_gmt":"2026-04-11T15:25:27","guid":{"rendered":"https:\/\/trendline-technology.com\/?post_type=product&#038;p=8308"},"modified":"2026-04-14T11:44:35","modified_gmt":"2026-04-14T14:44:35","slug":"athena-security-operations-2","status":"publish","type":"product","link":"https:\/\/trendline-technology.com\/en\/producto\/athena-security-operations-2\/","title":{"rendered":"Athena Security Operations"},"content":{"rendered":"<p class=\"p1\">Una soluci\u00f3n de Operaciones de Seguridad Unificadas que integra los datos y las capacidades de m\u00faltiples tecnolog\u00edas.<\/p>\n","protected":false},"excerpt":{"rendered":"<p>Una soluci\u00f3n de Operaciones de Seguridad Unificadas que integra los datos y las capacidades de m\u00faltiples tecnolog\u00edas.<\/p>\n","protected":false},"featured_media":7668,"comment_status":"closed","ping_status":"closed","template":"","meta":[],"product_brand":[],"product_cat":[75,53],"product_tag":[],"class_list":{"0":"post-8308","1":"product","2":"type-product","3":"status-publish","4":"has-post-thumbnail","6":"product_cat-cybersecurity","7":"product_cat-sangfor","9":"first","10":"instock","11":"shipping-taxable","12":"product-type-simple"},"_links":{"self":[{"href":"https:\/\/trendline-technology.com\/en\/wp-json\/wp\/v2\/product\/8308","targetHints":{"allow":["GET"]}}],"collection":[{"href":"https:\/\/trendline-technology.com\/en\/wp-json\/wp\/v2\/product"}],"about":[{"href":"https:\/\/trendline-technology.com\/en\/wp-json\/wp\/v2\/types\/product"}],"replies":[{"embeddable":true,"href":"https:\/\/trendline-technology.com\/en\/wp-json\/wp\/v2\/comments?post=8308"}],"wp:featuredmedia":[{"embeddable":true,"href":"https:\/\/trendline-technology.com\/en\/wp-json\/wp\/v2\/media\/7668"}],"wp:attachment":[{"href":"https:\/\/trendline-technology.com\/en\/wp-json\/wp\/v2\/media?parent=8308"}],"wp:term":[{"taxonomy":"product_brand","embeddable":true,"href":"https:\/\/trendline-technology.com\/en\/wp-json\/wp\/v2\/product_brand?post=8308"},{"taxonomy":"product_cat","embeddable":true,"href":"https:\/\/trendline-technology.com\/en\/wp-json\/wp\/v2\/product_cat?post=8308"},{"taxonomy":"product_tag","embeddable":true,"href":"https:\/\/trendline-technology.com\/en\/wp-json\/wp\/v2\/product_tag?post=8308"}],"curies":[{"name":"wp","href":"https:\/\/api.w.org\/{rel}","templated":true}]}}