{"id":7822,"date":"2026-03-13T03:02:56","date_gmt":"2026-03-13T06:02:56","guid":{"rendered":"https:\/\/trendline-technology.com\/?post_type=product&#038;p=7822"},"modified":"2026-03-13T03:10:53","modified_gmt":"2026-03-13T06:10:53","slug":"desktops","status":"publish","type":"product","link":"https:\/\/trendline-technology.com\/en\/producto\/desktops\/","title":{"rendered":"Desktops"},"content":{"rendered":"<p>Desempe\u00f1o s\u00f3lido con los procesadores Intel m\u00e1s recientes, TPM 2.0 y configuraciones ampliables para todas las necesidades empresariales.<\/p>\n","protected":false},"excerpt":{"rendered":"<p>Desempe\u00f1o s\u00f3lido con los procesadores Intel m\u00e1s recientes, TPM 2.0 y configuraciones ampliables para todas las necesidades empresariales.<\/p>\n","protected":false},"featured_media":7809,"comment_status":"closed","ping_status":"closed","template":"","meta":[],"product_brand":[],"product_cat":[71,73],"product_tag":[],"class_list":{"0":"post-7822","1":"product","2":"type-product","3":"status-publish","4":"has-post-thumbnail","6":"product_cat-acer","7":"product_cat-desktops","9":"first","10":"instock","11":"shipping-taxable","12":"product-type-simple"},"_links":{"self":[{"href":"https:\/\/trendline-technology.com\/en\/wp-json\/wp\/v2\/product\/7822","targetHints":{"allow":["GET"]}}],"collection":[{"href":"https:\/\/trendline-technology.com\/en\/wp-json\/wp\/v2\/product"}],"about":[{"href":"https:\/\/trendline-technology.com\/en\/wp-json\/wp\/v2\/types\/product"}],"replies":[{"embeddable":true,"href":"https:\/\/trendline-technology.com\/en\/wp-json\/wp\/v2\/comments?post=7822"}],"wp:featuredmedia":[{"embeddable":true,"href":"https:\/\/trendline-technology.com\/en\/wp-json\/wp\/v2\/media\/7809"}],"wp:attachment":[{"href":"https:\/\/trendline-technology.com\/en\/wp-json\/wp\/v2\/media?parent=7822"}],"wp:term":[{"taxonomy":"product_brand","embeddable":true,"href":"https:\/\/trendline-technology.com\/en\/wp-json\/wp\/v2\/product_brand?post=7822"},{"taxonomy":"product_cat","embeddable":true,"href":"https:\/\/trendline-technology.com\/en\/wp-json\/wp\/v2\/product_cat?post=7822"},{"taxonomy":"product_tag","embeddable":true,"href":"https:\/\/trendline-technology.com\/en\/wp-json\/wp\/v2\/product_tag?post=7822"}],"curies":[{"name":"wp","href":"https:\/\/api.w.org\/{rel}","templated":true}]}}