{"id":7397,"date":"2026-03-05T04:17:01","date_gmt":"2026-03-05T07:17:01","guid":{"rendered":"https:\/\/trendline-technology.com\/?post_type=product&#038;p=7397"},"modified":"2026-03-23T16:09:06","modified_gmt":"2026-03-23T19:09:06","slug":"presentacion-inalambrica","status":"publish","type":"product","link":"https:\/\/trendline-technology.com\/en\/producto\/presentacion-inalambrica\/","title":{"rendered":"Presentaci\u00f3n Inal\u00e1mbrica"},"content":{"rendered":"<p>Para compartir contenido desde cualquier dispositivo en salas de reuni\u00f3n, aulas y espacios colaborativos.<\/p>\n","protected":false},"excerpt":{"rendered":"<p>Para compartir contenido desde cualquier dispositivo en salas de reuni\u00f3n, aulas y espacios colaborativos.<\/p>\n","protected":false},"featured_media":2755,"comment_status":"closed","ping_status":"closed","template":"","meta":[],"product_brand":[],"product_cat":[52,59],"product_tag":[],"class_list":{"0":"post-7397","1":"product","2":"type-product","3":"status-publish","4":"has-post-thumbnail","6":"product_cat-benq","7":"product_cat-presentacion-inalambrica","9":"first","10":"instock","11":"shipping-taxable","12":"product-type-simple"},"_links":{"self":[{"href":"https:\/\/trendline-technology.com\/en\/wp-json\/wp\/v2\/product\/7397","targetHints":{"allow":["GET"]}}],"collection":[{"href":"https:\/\/trendline-technology.com\/en\/wp-json\/wp\/v2\/product"}],"about":[{"href":"https:\/\/trendline-technology.com\/en\/wp-json\/wp\/v2\/types\/product"}],"replies":[{"embeddable":true,"href":"https:\/\/trendline-technology.com\/en\/wp-json\/wp\/v2\/comments?post=7397"}],"wp:featuredmedia":[{"embeddable":true,"href":"https:\/\/trendline-technology.com\/en\/wp-json\/wp\/v2\/media\/2755"}],"wp:attachment":[{"href":"https:\/\/trendline-technology.com\/en\/wp-json\/wp\/v2\/media?parent=7397"}],"wp:term":[{"taxonomy":"product_brand","embeddable":true,"href":"https:\/\/trendline-technology.com\/en\/wp-json\/wp\/v2\/product_brand?post=7397"},{"taxonomy":"product_cat","embeddable":true,"href":"https:\/\/trendline-technology.com\/en\/wp-json\/wp\/v2\/product_cat?post=7397"},{"taxonomy":"product_tag","embeddable":true,"href":"https:\/\/trendline-technology.com\/en\/wp-json\/wp\/v2\/product_tag?post=7397"}],"curies":[{"name":"wp","href":"https:\/\/api.w.org\/{rel}","templated":true}]}}