{"id":8344,"date":"2026-04-11T15:26:00","date_gmt":"2026-04-11T18:26:00","guid":{"rendered":"https:\/\/trendline-technology.com\/?post_type=product&#038;p=8344"},"modified":"2026-04-13T10:03:03","modified_gmt":"2026-04-13T13:03:03","slug":"surveillance","status":"publish","type":"product","link":"https:\/\/trendline-technology.com\/cb\/producto\/surveillance\/","title":{"rendered":"Surveillance"},"content":{"rendered":"<p>Los avances en la resoluci\u00f3n de v\u00eddeo y el procesamiento de im\u00e1genes est\u00e1n transformando el valor y el papel que desempe\u00f1a la videovigilancia en nuestra vida cotidiana. Los discos duros para videovigilancia de Toshiba ofrecen una gama de capacidades y funciones fiables y de bajo consumo para adaptarse al mercado de la videovigilancia, que evoluciona r\u00e1pidamente.<\/p>\n","protected":false},"excerpt":{"rendered":"<p>Los avances en la resoluci\u00f3n de v\u00eddeo y el procesamiento de im\u00e1genes est\u00e1n transformando el valor y el papel que desempe\u00f1a la videovigilancia en nuestra vida cotidiana. Los discos duros para videovigilancia de Toshiba ofrecen una gama de capacidades y funciones fiables y de bajo consumo para adaptarse al mercado de la videovigilancia, que evoluciona [&#8230;]\n","protected":false},"featured_media":8345,"comment_status":"closed","ping_status":"closed","template":"","meta":[],"product_brand":[],"product_cat":[82,57],"product_tag":[],"class_list":{"0":"post-8344","1":"product","2":"type-product","3":"status-publish","4":"has-post-thumbnail","6":"product_cat-internal-specialty","7":"product_cat-toshiba","9":"first","10":"instock","11":"shipping-taxable","12":"product-type-simple"},"_links":{"self":[{"href":"https:\/\/trendline-technology.com\/cb\/wp-json\/wp\/v2\/product\/8344","targetHints":{"allow":["GET"]}}],"collection":[{"href":"https:\/\/trendline-technology.com\/cb\/wp-json\/wp\/v2\/product"}],"about":[{"href":"https:\/\/trendline-technology.com\/cb\/wp-json\/wp\/v2\/types\/product"}],"replies":[{"embeddable":true,"href":"https:\/\/trendline-technology.com\/cb\/wp-json\/wp\/v2\/comments?post=8344"}],"wp:featuredmedia":[{"embeddable":true,"href":"https:\/\/trendline-technology.com\/cb\/wp-json\/wp\/v2\/media\/8345"}],"wp:attachment":[{"href":"https:\/\/trendline-technology.com\/cb\/wp-json\/wp\/v2\/media?parent=8344"}],"wp:term":[{"taxonomy":"product_brand","embeddable":true,"href":"https:\/\/trendline-technology.com\/cb\/wp-json\/wp\/v2\/product_brand?post=8344"},{"taxonomy":"product_cat","embeddable":true,"href":"https:\/\/trendline-technology.com\/cb\/wp-json\/wp\/v2\/product_cat?post=8344"},{"taxonomy":"product_tag","embeddable":true,"href":"https:\/\/trendline-technology.com\/cb\/wp-json\/wp\/v2\/product_tag?post=8344"}],"curies":[{"name":"wp","href":"https:\/\/api.w.org\/{rel}","templated":true}]}}