{"id":8318,"date":"2026-04-11T12:37:22","date_gmt":"2026-04-11T15:37:22","guid":{"rendered":"https:\/\/trendline-technology.com\/?post_type=product&#038;p=8318"},"modified":"2026-04-14T11:50:17","modified_gmt":"2026-04-14T14:50:17","slug":"astor-all-flash-2","status":"publish","type":"product","link":"https:\/\/trendline-technology.com\/cb\/producto\/astor-all-flash-2\/","title":{"rendered":"aStor All Flash"},"content":{"rendered":"<p>Dise\u00f1ado para eliminar silos de datos, soportando cargas de trabajo desde bases de datos cr\u00edticas hasta entrenamiento de IA, en una \u00fanica plataforma.<\/p>\n","protected":false},"excerpt":{"rendered":"<p>Dise\u00f1ado para eliminar silos de datos, soportando cargas de trabajo desde bases de datos cr\u00edticas hasta entrenamiento de IA, en una \u00fanica plataforma.<\/p>\n","protected":false},"featured_media":7698,"comment_status":"closed","ping_status":"closed","template":"","meta":[],"product_brand":[],"product_cat":[76,53],"product_tag":[],"class_list":{"0":"post-8318","1":"product","2":"type-product","3":"status-publish","4":"has-post-thumbnail","6":"product_cat-cloud-infrastructure","7":"product_cat-sangfor","9":"first","10":"instock","11":"shipping-taxable","12":"product-type-simple"},"_links":{"self":[{"href":"https:\/\/trendline-technology.com\/cb\/wp-json\/wp\/v2\/product\/8318","targetHints":{"allow":["GET"]}}],"collection":[{"href":"https:\/\/trendline-technology.com\/cb\/wp-json\/wp\/v2\/product"}],"about":[{"href":"https:\/\/trendline-technology.com\/cb\/wp-json\/wp\/v2\/types\/product"}],"replies":[{"embeddable":true,"href":"https:\/\/trendline-technology.com\/cb\/wp-json\/wp\/v2\/comments?post=8318"}],"wp:featuredmedia":[{"embeddable":true,"href":"https:\/\/trendline-technology.com\/cb\/wp-json\/wp\/v2\/media\/7698"}],"wp:attachment":[{"href":"https:\/\/trendline-technology.com\/cb\/wp-json\/wp\/v2\/media?parent=8318"}],"wp:term":[{"taxonomy":"product_brand","embeddable":true,"href":"https:\/\/trendline-technology.com\/cb\/wp-json\/wp\/v2\/product_brand?post=8318"},{"taxonomy":"product_cat","embeddable":true,"href":"https:\/\/trendline-technology.com\/cb\/wp-json\/wp\/v2\/product_cat?post=8318"},{"taxonomy":"product_tag","embeddable":true,"href":"https:\/\/trendline-technology.com\/cb\/wp-json\/wp\/v2\/product_tag?post=8318"}],"curies":[{"name":"wp","href":"https:\/\/api.w.org\/{rel}","templated":true}]}}