{"id":7796,"date":"2026-03-13T02:57:56","date_gmt":"2026-03-13T05:57:56","guid":{"rendered":"https:\/\/trendline-technology.com\/?post_type=product&#038;p=7796"},"modified":"2026-04-13T20:16:47","modified_gmt":"2026-04-13T23:16:47","slug":"internal-specialty-hdds","status":"publish","type":"product","link":"https:\/\/trendline-technology.com\/cb\/producto\/internal-specialty-hdds\/","title":{"rendered":"Enterprise Capacity"},"content":{"rendered":"<p>La gesti\u00f3n de datos y la utilizaci\u00f3n del almacenamiento son aspectos clave para las TI empresariales. Los discos duros Toshiba Enterprise Capacity ofrecen una gama de capacidades dise\u00f1adas para soportar cargas de trabajo mixtas las 24 horas del d\u00eda, los 7 d\u00edas de la semana, lo que ayuda a las empresas a dimensionar correctamente su infraestructura de almacenamiento de datos y proteger sus valiosos activos digitales.<\/p>\n","protected":false},"excerpt":{"rendered":"<p>La gesti\u00f3n de datos y la utilizaci\u00f3n del almacenamiento son aspectos clave para las TI empresariales. Los discos duros Toshiba Enterprise Capacity ofrecen una gama de capacidades dise\u00f1adas para soportar cargas de trabajo mixtas las 24 horas del d\u00eda, los 7 d\u00edas de la semana, lo que ayuda a las empresas a dimensionar correctamente su [&#8230;]\n","protected":false},"featured_media":8336,"comment_status":"closed","ping_status":"closed","template":"","meta":[],"product_brand":[],"product_cat":[81,57],"product_tag":[],"class_list":{"0":"post-7796","1":"product","2":"type-product","3":"status-publish","4":"has-post-thumbnail","6":"product_cat-data-center-hdds","7":"product_cat-toshiba","9":"first","10":"instock","11":"shipping-taxable","12":"product-type-simple"},"_links":{"self":[{"href":"https:\/\/trendline-technology.com\/cb\/wp-json\/wp\/v2\/product\/7796","targetHints":{"allow":["GET"]}}],"collection":[{"href":"https:\/\/trendline-technology.com\/cb\/wp-json\/wp\/v2\/product"}],"about":[{"href":"https:\/\/trendline-technology.com\/cb\/wp-json\/wp\/v2\/types\/product"}],"replies":[{"embeddable":true,"href":"https:\/\/trendline-technology.com\/cb\/wp-json\/wp\/v2\/comments?post=7796"}],"wp:featuredmedia":[{"embeddable":true,"href":"https:\/\/trendline-technology.com\/cb\/wp-json\/wp\/v2\/media\/8336"}],"wp:attachment":[{"href":"https:\/\/trendline-technology.com\/cb\/wp-json\/wp\/v2\/media?parent=7796"}],"wp:term":[{"taxonomy":"product_brand","embeddable":true,"href":"https:\/\/trendline-technology.com\/cb\/wp-json\/wp\/v2\/product_brand?post=7796"},{"taxonomy":"product_cat","embeddable":true,"href":"https:\/\/trendline-technology.com\/cb\/wp-json\/wp\/v2\/product_cat?post=7796"},{"taxonomy":"product_tag","embeddable":true,"href":"https:\/\/trendline-technology.com\/cb\/wp-json\/wp\/v2\/product_tag?post=7796"}],"curies":[{"name":"wp","href":"https:\/\/api.w.org\/{rel}","templated":true}]}}