{"id":7790,"date":"2026-03-13T02:55:11","date_gmt":"2026-03-13T05:55:11","guid":{"rendered":"https:\/\/trendline-technology.com\/?post_type=product&#038;p=7790"},"modified":"2026-04-13T20:16:57","modified_gmt":"2026-04-13T23:16:57","slug":"data-center-h","status":"publish","type":"product","link":"https:\/\/trendline-technology.com\/cb\/producto\/data-center-h\/","title":{"rendered":"Enterprise Performance"},"content":{"rendered":"<p>Las cargas de trabajo orientadas a transacciones suelen utilizar niveles de almacenamiento para procesar datos de forma eficiente. Los discos duros Toshiba Enterprise Performance est\u00e1n disponibles en una variedad de capacidades y modelos de baja latencia de 15 000 rpm y 10 000 rpm, lo que proporciona un almacenamiento fiable de nivel empresarial dise\u00f1ado para cargas de trabajo de alto rendimiento que funcionan las 24 horas del d\u00eda, los 7 d\u00edas de la semana.<\/p>\n","protected":false},"excerpt":{"rendered":"<p>Las cargas de trabajo orientadas a transacciones suelen utilizar niveles de almacenamiento para procesar datos de forma eficiente. Los discos duros Toshiba Enterprise Performance est\u00e1n disponibles en una variedad de capacidades y modelos de baja latencia de 15 000 rpm y 10 000 rpm, lo que proporciona un almacenamiento fiable de nivel empresarial dise\u00f1ado para [&#8230;]\n","protected":false},"featured_media":8340,"comment_status":"closed","ping_status":"closed","template":"","meta":[],"product_brand":[],"product_cat":[81,57],"product_tag":[],"class_list":{"0":"post-7790","1":"product","2":"type-product","3":"status-publish","4":"has-post-thumbnail","6":"product_cat-data-center-hdds","7":"product_cat-toshiba","9":"first","10":"instock","11":"shipping-taxable","12":"product-type-simple"},"_links":{"self":[{"href":"https:\/\/trendline-technology.com\/cb\/wp-json\/wp\/v2\/product\/7790","targetHints":{"allow":["GET"]}}],"collection":[{"href":"https:\/\/trendline-technology.com\/cb\/wp-json\/wp\/v2\/product"}],"about":[{"href":"https:\/\/trendline-technology.com\/cb\/wp-json\/wp\/v2\/types\/product"}],"replies":[{"embeddable":true,"href":"https:\/\/trendline-technology.com\/cb\/wp-json\/wp\/v2\/comments?post=7790"}],"wp:featuredmedia":[{"embeddable":true,"href":"https:\/\/trendline-technology.com\/cb\/wp-json\/wp\/v2\/media\/8340"}],"wp:attachment":[{"href":"https:\/\/trendline-technology.com\/cb\/wp-json\/wp\/v2\/media?parent=7790"}],"wp:term":[{"taxonomy":"product_brand","embeddable":true,"href":"https:\/\/trendline-technology.com\/cb\/wp-json\/wp\/v2\/product_brand?post=7790"},{"taxonomy":"product_cat","embeddable":true,"href":"https:\/\/trendline-technology.com\/cb\/wp-json\/wp\/v2\/product_cat?post=7790"},{"taxonomy":"product_tag","embeddable":true,"href":"https:\/\/trendline-technology.com\/cb\/wp-json\/wp\/v2\/product_tag?post=7790"}],"curies":[{"name":"wp","href":"https:\/\/api.w.org\/{rel}","templated":true}]}}